{"id":8,"date":"2022-04-26T21:33:21","date_gmt":"2022-04-26T19:33:21","guid":{"rendered":"https:\/\/www.wienersukzession.at\/?page_id=8"},"modified":"2024-04-21T20:18:50","modified_gmt":"2024-04-21T18:18:50","slug":"kontakt","status":"publish","type":"page","link":"https:\/\/www.wienersukzession.at\/index.php\/kontakt\/","title":{"rendered":"Kontakt"},"content":{"rendered":"\n<p>Hast du ein Entsiegelungs-Anliegen an uns? Bist du k\u00fcnstlerisch, verwaltend oder entsiegelnd t\u00e4tig und m\u00f6chtest dich und deine Arbeit mit uns vernetzen?  <\/p>\n\n\n\n<h2 class=\"wp-block-heading\">Team der Wiener Sukzession<\/h2>\n\n\n\n<p><a href=\"https:\/\/www.plansinn.at\/\">plansinn<\/a> (Lead) &#8211; Johannes Posch, Marian Rudhart.<br>Zollergasse 18-22 \/1 \/3, 1070 Wien.<br><a href=\"mailto:team@plansinn.at\"><em>Anfragen (per Mail)<\/em><\/a><br><br><a href=\"https:\/\/gartenpolylog.org\/\">Gartenpolylog<\/a> &#8211; Cordula F\u00f6tsch.<br>K\u00fcnstler:innen &#8211; Karsten Michael Lange (ehem. Drohsel) (<a href=\"http:\/\/www.produktionskollektiv.net\/\">Produktionskollektiv Wien<\/a>), <a href=\"http:\/\/www.marleneposch.at\">Marlene Posch<\/a>.<br><a href=\"https:\/\/www.partizipative-sozialforschung.at\/\">Institut f\u00fcr Partizipative Sozialforschung <\/a>&#8211; Alfons Bauernfeind.<br><a href=\"https:\/\/www.fibl.org\/de\/standorte\/oesterreich\">FiBL <\/a>&#8211; Forschungsinstitut f\u00fcr biologischen Landbau \u00d6sterreich &#8211;  Susanne Kummer.<br><a href=\"http:\/\/www.unitedcreations.org\">United Creations<\/a> &#8211; Dorothea Ziegler.<\/p>\n","protected":false},"excerpt":{"rendered":"<p>Hast du ein Entsiegelungs-Anliegen an uns? Bist du k\u00fcnstlerisch, verwaltend oder entsiegelnd t\u00e4tig und m\u00f6chtest dich und deine Arbeit mit uns vernetzen? Team der Wiener Sukzession plansinn (Lead) &#8211; Johannes Posch, Marian Rudhart.Zollergasse 18-22 \/1 \/3, 1070 Wien.Anfragen (per Mail) Gartenpolylog &#8211; Cordula F\u00f6tsch.K\u00fcnstler:innen &#8211; Karsten Michael Lange (ehem. Drohsel) (Produktionskollektiv Wien), Marlene Posch.Institut f\u00fcr [&hellip;]<\/p>\n","protected":false},"author":1,"featured_media":0,"parent":0,"menu_order":0,"comment_status":"closed","ping_status":"closed","template":"","meta":{"footnotes":""},"_links":{"self":[{"href":"https:\/\/www.wienersukzession.at\/index.php\/wp-json\/wp\/v2\/pages\/8"}],"collection":[{"href":"https:\/\/www.wienersukzession.at\/index.php\/wp-json\/wp\/v2\/pages"}],"about":[{"href":"https:\/\/www.wienersukzession.at\/index.php\/wp-json\/wp\/v2\/types\/page"}],"author":[{"embeddable":true,"href":"https:\/\/www.wienersukzession.at\/index.php\/wp-json\/wp\/v2\/users\/1"}],"replies":[{"embeddable":true,"href":"https:\/\/www.wienersukzession.at\/index.php\/wp-json\/wp\/v2\/comments?post=8"}],"version-history":[{"count":11,"href":"https:\/\/www.wienersukzession.at\/index.php\/wp-json\/wp\/v2\/pages\/8\/revisions"}],"predecessor-version":[{"id":426,"href":"https:\/\/www.wienersukzession.at\/index.php\/wp-json\/wp\/v2\/pages\/8\/revisions\/426"}],"wp:attachment":[{"href":"https:\/\/www.wienersukzession.at\/index.php\/wp-json\/wp\/v2\/media?parent=8"}],"curies":[{"name":"wp","href":"https:\/\/api.w.org\/{rel}","templated":true}]}}