{"id":58,"date":"2022-05-18T08:39:00","date_gmt":"2022-05-18T06:39:00","guid":{"rendered":"https:\/\/www.wienersukzession.at\/?page_id=58"},"modified":"2023-06-05T10:30:05","modified_gmt":"2023-06-05T08:30:05","slug":"sammlungen","status":"publish","type":"page","link":"https:\/\/www.wienersukzession.at\/index.php\/sammlungen\/","title":{"rendered":"Sammlungen  und Fundst\u00fccke"},"content":{"rendered":"\n<h2 class=\"wp-block-heading\" id=\"Spontangr\u00fcn\">Spontangr\u00fcn<\/h2>\n\n\n\n<p>L\u00f6cher sind manchmal Ritzen oder Risse. Manchmal sind sie unauff\u00e4llig und still &#8211; keiner bemerkt sie und entfernt das Spontangr\u00fcn. So k\u00f6nnen Pflanzen am besten wachsen.<\/p>\n\n\n\n<figure class=\"wp-block-gallery has-nested-images columns-2 is-cropped wp-block-gallery-1 is-layout-flex wp-block-gallery-is-layout-flex\">\n<figure class=\"wp-block-image size-large\"><img loading=\"lazy\" decoding=\"async\" width=\"2048\" height=\"1152\" data-id=\"57\" src=\"https:\/\/www.wienersukzession.at\/wp-content\/uploads\/2022\/04\/20220427_160605.jpg\" alt=\"\" class=\"wp-image-57\" srcset=\"https:\/\/www.wienersukzession.at\/wp-content\/uploads\/2022\/04\/20220427_160605.jpg 2048w, https:\/\/www.wienersukzession.at\/wp-content\/uploads\/2022\/04\/20220427_160605-300x169.jpg 300w, https:\/\/www.wienersukzession.at\/wp-content\/uploads\/2022\/04\/20220427_160605-1024x576.jpg 1024w, https:\/\/www.wienersukzession.at\/wp-content\/uploads\/2022\/04\/20220427_160605-768x432.jpg 768w, https:\/\/www.wienersukzession.at\/wp-content\/uploads\/2022\/04\/20220427_160605-1536x864.jpg 1536w, https:\/\/www.wienersukzession.at\/wp-content\/uploads\/2022\/04\/20220427_160605-1200x675.jpg 1200w, https:\/\/www.wienersukzession.at\/wp-content\/uploads\/2022\/04\/20220427_160605-1980x1114.jpg 1980w\" sizes=\"(max-width: 2048px) 100vw, 2048px\" \/><figcaption class=\"wp-element-caption\">Glockenblumen, 1230 Wien 4\/2022. Doro<\/figcaption><\/figure>\n\n\n\n<figure class=\"wp-block-image size-large\"><img loading=\"lazy\" decoding=\"async\" width=\"2048\" height=\"1152\" data-id=\"56\" src=\"https:\/\/www.wienersukzession.at\/wp-content\/uploads\/2022\/04\/Lo\u0308wenzahn-u-Gras-an-Mauer.jpg\" alt=\"\" class=\"wp-image-56\" srcset=\"https:\/\/www.wienersukzession.at\/wp-content\/uploads\/2022\/04\/Lo\u0308wenzahn-u-Gras-an-Mauer.jpg 2048w, https:\/\/www.wienersukzession.at\/wp-content\/uploads\/2022\/04\/Lo\u0308wenzahn-u-Gras-an-Mauer-300x169.jpg 300w, https:\/\/www.wienersukzession.at\/wp-content\/uploads\/2022\/04\/Lo\u0308wenzahn-u-Gras-an-Mauer-1024x576.jpg 1024w, https:\/\/www.wienersukzession.at\/wp-content\/uploads\/2022\/04\/Lo\u0308wenzahn-u-Gras-an-Mauer-768x432.jpg 768w, https:\/\/www.wienersukzession.at\/wp-content\/uploads\/2022\/04\/Lo\u0308wenzahn-u-Gras-an-Mauer-1536x864.jpg 1536w, https:\/\/www.wienersukzession.at\/wp-content\/uploads\/2022\/04\/Lo\u0308wenzahn-u-Gras-an-Mauer-1200x675.jpg 1200w, https:\/\/www.wienersukzession.at\/wp-content\/uploads\/2022\/04\/Lo\u0308wenzahn-u-Gras-an-Mauer-1980x1114.jpg 1980w\" sizes=\"(max-width: 2048px) 100vw, 2048px\" \/><figcaption class=\"wp-element-caption\">L\u00f6wenzahn, 1230 Wien 4\/2022. Doro<\/figcaption><\/figure>\n\n\n\n<figure class=\"wp-block-image size-large\"><img loading=\"lazy\" decoding=\"async\" width=\"958\" height=\"1178\" data-id=\"55\" src=\"https:\/\/www.wienersukzession.at\/wp-content\/uploads\/2022\/04\/Ecke-mit-Schild.png\" alt=\"\" class=\"wp-image-55\" srcset=\"https:\/\/www.wienersukzession.at\/wp-content\/uploads\/2022\/04\/Ecke-mit-Schild.png 958w, https:\/\/www.wienersukzession.at\/wp-content\/uploads\/2022\/04\/Ecke-mit-Schild-244x300.png 244w, https:\/\/www.wienersukzession.at\/wp-content\/uploads\/2022\/04\/Ecke-mit-Schild-833x1024.png 833w, https:\/\/www.wienersukzession.at\/wp-content\/uploads\/2022\/04\/Ecke-mit-Schild-768x944.png 768w\" sizes=\"(max-width: 958px) 100vw, 958px\" \/><figcaption class=\"wp-element-caption\">Eckenbewuchs, 1230 Wien 4\/2022. Doro<\/figcaption><\/figure>\n\n\n\n<figure class=\"wp-block-image size-large\"><img loading=\"lazy\" decoding=\"async\" width=\"1920\" height=\"2560\" data-id=\"72\" src=\"https:\/\/www.wienersukzession.at\/wp-content\/uploads\/2022\/05\/15-Bezirk-Mai-hannes-scaled.jpeg\" alt=\"\" class=\"wp-image-72\" srcset=\"https:\/\/www.wienersukzession.at\/wp-content\/uploads\/2022\/05\/15-Bezirk-Mai-hannes-scaled.jpeg 1920w, https:\/\/www.wienersukzession.at\/wp-content\/uploads\/2022\/05\/15-Bezirk-Mai-hannes-225x300.jpeg 225w, https:\/\/www.wienersukzession.at\/wp-content\/uploads\/2022\/05\/15-Bezirk-Mai-hannes-768x1024.jpeg 768w, https:\/\/www.wienersukzession.at\/wp-content\/uploads\/2022\/05\/15-Bezirk-Mai-hannes-1152x1536.jpeg 1152w, https:\/\/www.wienersukzession.at\/wp-content\/uploads\/2022\/05\/15-Bezirk-Mai-hannes-1536x2048.jpeg 1536w, https:\/\/www.wienersukzession.at\/wp-content\/uploads\/2022\/05\/15-Bezirk-Mai-hannes-1200x1600.jpeg 1200w, https:\/\/www.wienersukzession.at\/wp-content\/uploads\/2022\/05\/15-Bezirk-Mai-hannes-1980x2640.jpeg 1980w\" sizes=\"(max-width: 1920px) 100vw, 1920px\" \/><figcaption class=\"wp-element-caption\">Telefonzelle, 1150 Wien 5\/2022. Hannes<\/figcaption><\/figure>\n\n\n\n<figure class=\"wp-block-image size-large\"><img loading=\"lazy\" decoding=\"async\" width=\"1920\" height=\"2560\" data-id=\"73\" src=\"https:\/\/www.wienersukzession.at\/wp-content\/uploads\/2022\/05\/IMG_0744-scaled.jpg\" alt=\"\" class=\"wp-image-73\" srcset=\"https:\/\/www.wienersukzession.at\/wp-content\/uploads\/2022\/05\/IMG_0744-scaled.jpg 1920w, https:\/\/www.wienersukzession.at\/wp-content\/uploads\/2022\/05\/IMG_0744-225x300.jpg 225w, https:\/\/www.wienersukzession.at\/wp-content\/uploads\/2022\/05\/IMG_0744-768x1024.jpg 768w, https:\/\/www.wienersukzession.at\/wp-content\/uploads\/2022\/05\/IMG_0744-1152x1536.jpg 1152w, https:\/\/www.wienersukzession.at\/wp-content\/uploads\/2022\/05\/IMG_0744-1536x2048.jpg 1536w, https:\/\/www.wienersukzession.at\/wp-content\/uploads\/2022\/05\/IMG_0744-1200x1600.jpg 1200w, https:\/\/www.wienersukzession.at\/wp-content\/uploads\/2022\/05\/IMG_0744-1980x2640.jpg 1980w\" sizes=\"(max-width: 1920px) 100vw, 1920px\" \/><figcaption class=\"wp-element-caption\">L\u00f6wenzahn, Hannes<\/figcaption><\/figure>\n\n\n\n<figure class=\"wp-block-image size-large\"><img loading=\"lazy\" decoding=\"async\" width=\"1920\" height=\"2560\" data-id=\"74\" src=\"https:\/\/www.wienersukzession.at\/wp-content\/uploads\/2022\/05\/IMG_0803-scaled.jpg\" alt=\"\" class=\"wp-image-74\" srcset=\"https:\/\/www.wienersukzession.at\/wp-content\/uploads\/2022\/05\/IMG_0803-scaled.jpg 1920w, https:\/\/www.wienersukzession.at\/wp-content\/uploads\/2022\/05\/IMG_0803-225x300.jpg 225w, https:\/\/www.wienersukzession.at\/wp-content\/uploads\/2022\/05\/IMG_0803-768x1024.jpg 768w, https:\/\/www.wienersukzession.at\/wp-content\/uploads\/2022\/05\/IMG_0803-1152x1536.jpg 1152w, https:\/\/www.wienersukzession.at\/wp-content\/uploads\/2022\/05\/IMG_0803-1536x2048.jpg 1536w, https:\/\/www.wienersukzession.at\/wp-content\/uploads\/2022\/05\/IMG_0803-1200x1600.jpg 1200w, https:\/\/www.wienersukzession.at\/wp-content\/uploads\/2022\/05\/IMG_0803-1980x2640.jpg 1980w\" sizes=\"(max-width: 1920px) 100vw, 1920px\" \/><figcaption class=\"wp-element-caption\">Senfsaat, Hannes<\/figcaption><\/figure>\n\n\n\n<figure class=\"wp-block-image size-large\"><img loading=\"lazy\" decoding=\"async\" width=\"1920\" height=\"2560\" data-id=\"75\" src=\"https:\/\/www.wienersukzession.at\/wp-content\/uploads\/2022\/05\/IMG_3193-scaled.jpeg\" alt=\"\" class=\"wp-image-75\" srcset=\"https:\/\/www.wienersukzession.at\/wp-content\/uploads\/2022\/05\/IMG_3193-scaled.jpeg 1920w, https:\/\/www.wienersukzession.at\/wp-content\/uploads\/2022\/05\/IMG_3193-225x300.jpeg 225w, https:\/\/www.wienersukzession.at\/wp-content\/uploads\/2022\/05\/IMG_3193-768x1024.jpeg 768w, https:\/\/www.wienersukzession.at\/wp-content\/uploads\/2022\/05\/IMG_3193-1152x1536.jpeg 1152w, https:\/\/www.wienersukzession.at\/wp-content\/uploads\/2022\/05\/IMG_3193-1536x2048.jpeg 1536w, https:\/\/www.wienersukzession.at\/wp-content\/uploads\/2022\/05\/IMG_3193-1200x1600.jpeg 1200w, https:\/\/www.wienersukzession.at\/wp-content\/uploads\/2022\/05\/IMG_3193-1980x2640.jpeg 1980w\" sizes=\"(max-width: 1920px) 100vw, 1920px\" \/><figcaption class=\"wp-element-caption\">Ritzenbewuchs, Hannes<\/figcaption><\/figure>\n\n\n\n<figure class=\"wp-block-image size-large\"><img loading=\"lazy\" decoding=\"async\" width=\"2560\" height=\"1920\" data-id=\"76\" src=\"https:\/\/www.wienersukzession.at\/wp-content\/uploads\/2022\/05\/IMG_3199-scaled.jpeg\" alt=\"\" class=\"wp-image-76\" srcset=\"https:\/\/www.wienersukzession.at\/wp-content\/uploads\/2022\/05\/IMG_3199-scaled.jpeg 2560w, https:\/\/www.wienersukzession.at\/wp-content\/uploads\/2022\/05\/IMG_3199-300x225.jpeg 300w, https:\/\/www.wienersukzession.at\/wp-content\/uploads\/2022\/05\/IMG_3199-1024x768.jpeg 1024w, https:\/\/www.wienersukzession.at\/wp-content\/uploads\/2022\/05\/IMG_3199-768x576.jpeg 768w, https:\/\/www.wienersukzession.at\/wp-content\/uploads\/2022\/05\/IMG_3199-1536x1152.jpeg 1536w, https:\/\/www.wienersukzession.at\/wp-content\/uploads\/2022\/05\/IMG_3199-2048x1536.jpeg 2048w, https:\/\/www.wienersukzession.at\/wp-content\/uploads\/2022\/05\/IMG_3199-1200x900.jpeg 1200w, https:\/\/www.wienersukzession.at\/wp-content\/uploads\/2022\/05\/IMG_3199-1980x1485.jpeg 1980w\" sizes=\"(max-width: 2560px) 100vw, 2560px\" \/><figcaption class=\"wp-element-caption\">Ritzenbewuchs, Hannes <\/figcaption><\/figure>\n\n\n\n<figure class=\"wp-block-image size-large\"><img loading=\"lazy\" decoding=\"async\" width=\"2560\" height=\"1920\" data-id=\"77\" src=\"https:\/\/www.wienersukzession.at\/wp-content\/uploads\/2022\/05\/IMG_3739-scaled.jpeg\" alt=\"\" class=\"wp-image-77\" srcset=\"https:\/\/www.wienersukzession.at\/wp-content\/uploads\/2022\/05\/IMG_3739-scaled.jpeg 2560w, https:\/\/www.wienersukzession.at\/wp-content\/uploads\/2022\/05\/IMG_3739-300x225.jpeg 300w, https:\/\/www.wienersukzession.at\/wp-content\/uploads\/2022\/05\/IMG_3739-1024x768.jpeg 1024w, https:\/\/www.wienersukzession.at\/wp-content\/uploads\/2022\/05\/IMG_3739-768x576.jpeg 768w, https:\/\/www.wienersukzession.at\/wp-content\/uploads\/2022\/05\/IMG_3739-1536x1152.jpeg 1536w, https:\/\/www.wienersukzession.at\/wp-content\/uploads\/2022\/05\/IMG_3739-2048x1536.jpeg 2048w, https:\/\/www.wienersukzession.at\/wp-content\/uploads\/2022\/05\/IMG_3739-1200x900.jpeg 1200w, https:\/\/www.wienersukzession.at\/wp-content\/uploads\/2022\/05\/IMG_3739-1980x1485.jpeg 1980w\" sizes=\"(max-width: 2560px) 100vw, 2560px\" \/><figcaption class=\"wp-element-caption\">Mauerbl\u00fcmchen, Hannes<\/figcaption><\/figure>\n\n\n\n<figure class=\"wp-block-image size-large\"><img loading=\"lazy\" decoding=\"async\" width=\"1920\" height=\"2560\" data-id=\"78\" src=\"https:\/\/www.wienersukzession.at\/wp-content\/uploads\/2022\/05\/IMG_3901-scaled.jpeg\" alt=\"\" class=\"wp-image-78\" srcset=\"https:\/\/www.wienersukzession.at\/wp-content\/uploads\/2022\/05\/IMG_3901-scaled.jpeg 1920w, https:\/\/www.wienersukzession.at\/wp-content\/uploads\/2022\/05\/IMG_3901-225x300.jpeg 225w, https:\/\/www.wienersukzession.at\/wp-content\/uploads\/2022\/05\/IMG_3901-768x1024.jpeg 768w, https:\/\/www.wienersukzession.at\/wp-content\/uploads\/2022\/05\/IMG_3901-1152x1536.jpeg 1152w, https:\/\/www.wienersukzession.at\/wp-content\/uploads\/2022\/05\/IMG_3901-1536x2048.jpeg 1536w, https:\/\/www.wienersukzession.at\/wp-content\/uploads\/2022\/05\/IMG_3901-1200x1600.jpeg 1200w, https:\/\/www.wienersukzession.at\/wp-content\/uploads\/2022\/05\/IMG_3901-1980x2640.jpeg 1980w\" sizes=\"(max-width: 1920px) 100vw, 1920px\" \/><figcaption class=\"wp-element-caption\">Hafer, 1150 Wien 5\/2022. Hannes<\/figcaption><\/figure>\n\n\n\n<figure class=\"wp-block-image size-large\"><img loading=\"lazy\" decoding=\"async\" width=\"1512\" height=\"2016\" data-id=\"79\" src=\"https:\/\/www.wienersukzession.at\/wp-content\/uploads\/2022\/05\/IMG_5873-rotated.jpg\" alt=\"\" class=\"wp-image-79\" srcset=\"https:\/\/www.wienersukzession.at\/wp-content\/uploads\/2022\/05\/IMG_5873-rotated.jpg 1512w, https:\/\/www.wienersukzession.at\/wp-content\/uploads\/2022\/05\/IMG_5873-225x300.jpg 225w, https:\/\/www.wienersukzession.at\/wp-content\/uploads\/2022\/05\/IMG_5873-768x1024.jpg 768w, https:\/\/www.wienersukzession.at\/wp-content\/uploads\/2022\/05\/IMG_5873-1152x1536.jpg 1152w, https:\/\/www.wienersukzession.at\/wp-content\/uploads\/2022\/05\/IMG_5873-1200x1600.jpg 1200w\" sizes=\"(max-width: 1512px) 100vw, 1512px\" \/><figcaption class=\"wp-element-caption\">Walnuss, Hannes<\/figcaption><\/figure>\n\n\n\n<figure class=\"wp-block-image size-large\"><img loading=\"lazy\" decoding=\"async\" width=\"1024\" height=\"575\" data-id=\"80\" src=\"https:\/\/www.wienersukzession.at\/wp-content\/uploads\/2022\/05\/IMG_8895-1024x575.jpg\" alt=\"\" class=\"wp-image-80\" srcset=\"https:\/\/www.wienersukzession.at\/wp-content\/uploads\/2022\/05\/IMG_8895-1024x575.jpg 1024w, https:\/\/www.wienersukzession.at\/wp-content\/uploads\/2022\/05\/IMG_8895-300x169.jpg 300w, https:\/\/www.wienersukzession.at\/wp-content\/uploads\/2022\/05\/IMG_8895-768x432.jpg 768w, https:\/\/www.wienersukzession.at\/wp-content\/uploads\/2022\/05\/IMG_8895-1536x863.jpg 1536w, https:\/\/www.wienersukzession.at\/wp-content\/uploads\/2022\/05\/IMG_8895-2048x1151.jpg 2048w, https:\/\/www.wienersukzession.at\/wp-content\/uploads\/2022\/05\/IMG_8895-1200x674.jpg 1200w, https:\/\/www.wienersukzession.at\/wp-content\/uploads\/2022\/05\/IMG_8895-1980x1113.jpg 1980w\" sizes=\"(max-width: 1024px) 100vw, 1024px\" \/><figcaption class=\"wp-element-caption\">Pfostengras, Cordula<\/figcaption><\/figure>\n\n\n\n<figure class=\"wp-block-image size-large\"><img loading=\"lazy\" decoding=\"async\" width=\"575\" height=\"1024\" data-id=\"83\" src=\"https:\/\/www.wienersukzession.at\/wp-content\/uploads\/2022\/05\/IMG_8899-575x1024.jpg\" alt=\"\" class=\"wp-image-83\" srcset=\"https:\/\/www.wienersukzession.at\/wp-content\/uploads\/2022\/05\/IMG_8899-575x1024.jpg 575w, https:\/\/www.wienersukzession.at\/wp-content\/uploads\/2022\/05\/IMG_8899-169x300.jpg 169w, https:\/\/www.wienersukzession.at\/wp-content\/uploads\/2022\/05\/IMG_8899-768x1367.jpg 768w, https:\/\/www.wienersukzession.at\/wp-content\/uploads\/2022\/05\/IMG_8899-863x1536.jpg 863w, https:\/\/www.wienersukzession.at\/wp-content\/uploads\/2022\/05\/IMG_8899-1151x2048.jpg 1151w, https:\/\/www.wienersukzession.at\/wp-content\/uploads\/2022\/05\/IMG_8899-1200x2135.jpg 1200w, https:\/\/www.wienersukzession.at\/wp-content\/uploads\/2022\/05\/IMG_8899-1980x3523.jpg 1980w, https:\/\/www.wienersukzession.at\/wp-content\/uploads\/2022\/05\/IMG_8899-scaled.jpg 1439w\" sizes=\"(max-width: 575px) 100vw, 575px\" \/><figcaption class=\"wp-element-caption\">Gras-Narbe, Cordula<\/figcaption><\/figure>\n\n\n\n<figure class=\"wp-block-image size-large\"><img loading=\"lazy\" decoding=\"async\" width=\"1024\" height=\"575\" data-id=\"82\" src=\"https:\/\/www.wienersukzession.at\/wp-content\/uploads\/2022\/05\/IMG_8910-1024x575.jpg\" alt=\"\" class=\"wp-image-82\" srcset=\"https:\/\/www.wienersukzession.at\/wp-content\/uploads\/2022\/05\/IMG_8910-1024x575.jpg 1024w, https:\/\/www.wienersukzession.at\/wp-content\/uploads\/2022\/05\/IMG_8910-300x169.jpg 300w, https:\/\/www.wienersukzession.at\/wp-content\/uploads\/2022\/05\/IMG_8910-768x432.jpg 768w, https:\/\/www.wienersukzession.at\/wp-content\/uploads\/2022\/05\/IMG_8910-1536x863.jpg 1536w, https:\/\/www.wienersukzession.at\/wp-content\/uploads\/2022\/05\/IMG_8910-2048x1151.jpg 2048w, https:\/\/www.wienersukzession.at\/wp-content\/uploads\/2022\/05\/IMG_8910-1200x674.jpg 1200w, https:\/\/www.wienersukzession.at\/wp-content\/uploads\/2022\/05\/IMG_8910-1980x1113.jpg 1980w\" sizes=\"(max-width: 1024px) 100vw, 1024px\" \/><figcaption class=\"wp-element-caption\">Mauerbl\u00fcmchen, Cordula<\/figcaption><\/figure>\n\n\n\n<figure class=\"wp-block-image size-large\"><img loading=\"lazy\" decoding=\"async\" width=\"1024\" height=\"575\" data-id=\"81\" src=\"https:\/\/www.wienersukzession.at\/wp-content\/uploads\/2022\/05\/IMG_8911-1024x575.jpg\" alt=\"\" class=\"wp-image-81\" srcset=\"https:\/\/www.wienersukzession.at\/wp-content\/uploads\/2022\/05\/IMG_8911-1024x575.jpg 1024w, https:\/\/www.wienersukzession.at\/wp-content\/uploads\/2022\/05\/IMG_8911-300x169.jpg 300w, https:\/\/www.wienersukzession.at\/wp-content\/uploads\/2022\/05\/IMG_8911-768x432.jpg 768w, https:\/\/www.wienersukzession.at\/wp-content\/uploads\/2022\/05\/IMG_8911-1536x863.jpg 1536w, https:\/\/www.wienersukzession.at\/wp-content\/uploads\/2022\/05\/IMG_8911-2048x1151.jpg 2048w, https:\/\/www.wienersukzession.at\/wp-content\/uploads\/2022\/05\/IMG_8911-1200x674.jpg 1200w, https:\/\/www.wienersukzession.at\/wp-content\/uploads\/2022\/05\/IMG_8911-1980x1113.jpg 1980w\" sizes=\"(max-width: 1024px) 100vw, 1024px\" \/><figcaption class=\"wp-element-caption\">Roter Klee, Cordula<\/figcaption><\/figure>\n<figcaption class=\"blocks-gallery-caption wp-element-caption\">Sukzessives Gr\u00fcn, gefunden in Wien.<\/figcaption><\/figure>\n\n\n\n<hr class=\"wp-block-separator has-css-opacity\"\/>\n\n\n\n<h2 class=\"wp-block-heading\" id=\"Asphaltkunst\">Asphalt als Objekt &#8211; Das Teerarium<\/h2>\n\n\n\n<p>Kunst entsteht im Betrachten. Wof\u00fcr l\u00e4sst sich Asphalt nutzen, wenn er kein Bodenbelag mehr ist? Souvenire aus verschiedenenen Situationen, wo &#8218;Aufbruch&#8216; passiert ist, bergen Erinnerungen, sind Andenken, haben vielleicht Sammlerwert?  Eine Physische Sammlung ist bereits angelegt, Besichtigung nach Anfrage.<\/p>\n\n\n\n<figure class=\"wp-block-gallery has-nested-images columns-2 is-cropped wp-block-gallery-2 is-layout-flex wp-block-gallery-is-layout-flex\">\n<figure class=\"wp-block-image size-large\"><img loading=\"lazy\" decoding=\"async\" width=\"1024\" height=\"767\" data-id=\"59\" src=\"https:\/\/www.wienersukzession.at\/wp-content\/uploads\/2022\/05\/Asphalt-Torten-16-Bez-1024x767.jpeg\" alt=\"\" class=\"wp-image-59\" srcset=\"https:\/\/www.wienersukzession.at\/wp-content\/uploads\/2022\/05\/Asphalt-Torten-16-Bez-1024x767.jpeg 1024w, https:\/\/www.wienersukzession.at\/wp-content\/uploads\/2022\/05\/Asphalt-Torten-16-Bez-300x225.jpeg 300w, https:\/\/www.wienersukzession.at\/wp-content\/uploads\/2022\/05\/Asphalt-Torten-16-Bez-768x575.jpeg 768w, https:\/\/www.wienersukzession.at\/wp-content\/uploads\/2022\/05\/Asphalt-Torten-16-Bez-1200x899.jpeg 1200w, https:\/\/www.wienersukzession.at\/wp-content\/uploads\/2022\/05\/Asphalt-Torten-16-Bez.jpeg 1276w\" sizes=\"(max-width: 1024px) 100vw, 1024px\" \/><figcaption class=\"wp-element-caption\">Asphalt-Torten, <br>16. Bezirk 3\/2022.<\/figcaption><\/figure>\n\n\n\n<figure class=\"wp-block-image size-large\"><img loading=\"lazy\" decoding=\"async\" width=\"1024\" height=\"575\" data-id=\"60\" src=\"https:\/\/www.wienersukzession.at\/wp-content\/uploads\/2022\/05\/IMG_8874-1024x575.jpg\" alt=\"\" class=\"wp-image-60\" srcset=\"https:\/\/www.wienersukzession.at\/wp-content\/uploads\/2022\/05\/IMG_8874-1024x575.jpg 1024w, https:\/\/www.wienersukzession.at\/wp-content\/uploads\/2022\/05\/IMG_8874-300x169.jpg 300w, https:\/\/www.wienersukzession.at\/wp-content\/uploads\/2022\/05\/IMG_8874-768x432.jpg 768w, https:\/\/www.wienersukzession.at\/wp-content\/uploads\/2022\/05\/IMG_8874-1536x863.jpg 1536w, https:\/\/www.wienersukzession.at\/wp-content\/uploads\/2022\/05\/IMG_8874-2048x1151.jpg 2048w, https:\/\/www.wienersukzession.at\/wp-content\/uploads\/2022\/05\/IMG_8874-1200x674.jpg 1200w, https:\/\/www.wienersukzession.at\/wp-content\/uploads\/2022\/05\/IMG_8874-1980x1113.jpg 1980w\" sizes=\"(max-width: 1024px) 100vw, 1024px\" \/><figcaption class=\"wp-element-caption\">Der Bildungsgarten,<br>16. Bezirk 4\/2022.<\/figcaption><\/figure>\n\n\n\n<figure class=\"wp-block-image size-large\"><img loading=\"lazy\" decoding=\"async\" width=\"1024\" height=\"575\" data-id=\"63\" src=\"https:\/\/www.wienersukzession.at\/wp-content\/uploads\/2022\/05\/IMG_8888-1024x575.jpg\" alt=\"\" class=\"wp-image-63\" srcset=\"https:\/\/www.wienersukzession.at\/wp-content\/uploads\/2022\/05\/IMG_8888-1024x575.jpg 1024w, https:\/\/www.wienersukzession.at\/wp-content\/uploads\/2022\/05\/IMG_8888-300x169.jpg 300w, https:\/\/www.wienersukzession.at\/wp-content\/uploads\/2022\/05\/IMG_8888-768x432.jpg 768w, https:\/\/www.wienersukzession.at\/wp-content\/uploads\/2022\/05\/IMG_8888-1536x863.jpg 1536w, https:\/\/www.wienersukzession.at\/wp-content\/uploads\/2022\/05\/IMG_8888-2048x1151.jpg 2048w, https:\/\/www.wienersukzession.at\/wp-content\/uploads\/2022\/05\/IMG_8888-1200x674.jpg 1200w, https:\/\/www.wienersukzession.at\/wp-content\/uploads\/2022\/05\/IMG_8888-1980x1113.jpg 1980w\" sizes=\"(max-width: 1024px) 100vw, 1024px\" \/><figcaption class=\"wp-element-caption\">Asphalt Scheiben, <br>16. Bezirk 4\/2022<\/figcaption><\/figure>\n\n\n\n<figure class=\"wp-block-image size-large\"><img loading=\"lazy\" decoding=\"async\" width=\"1024\" height=\"768\" data-id=\"169\" src=\"https:\/\/www.wienersukzession.at\/wp-content\/uploads\/2022\/09\/Hannes-Schelleingasse-9-22-1024x768.jpeg\" alt=\"\" class=\"wp-image-169\" srcset=\"https:\/\/www.wienersukzession.at\/wp-content\/uploads\/2022\/09\/Hannes-Schelleingasse-9-22-1024x768.jpeg 1024w, https:\/\/www.wienersukzession.at\/wp-content\/uploads\/2022\/09\/Hannes-Schelleingasse-9-22-300x225.jpeg 300w, https:\/\/www.wienersukzession.at\/wp-content\/uploads\/2022\/09\/Hannes-Schelleingasse-9-22-768x576.jpeg 768w, https:\/\/www.wienersukzession.at\/wp-content\/uploads\/2022\/09\/Hannes-Schelleingasse-9-22-1200x900.jpeg 1200w, https:\/\/www.wienersukzession.at\/wp-content\/uploads\/2022\/09\/Hannes-Schelleingasse-9-22.jpeg 1280w\" sizes=\"(max-width: 1024px) 100vw, 1024px\" \/><figcaption class=\"wp-element-caption\">Teer und Asphaltskulptur,<br>Schelleingasse 9\/2022<\/figcaption><\/figure>\n\n\n\n<figure class=\"wp-block-image size-medium\"><img loading=\"lazy\" decoding=\"async\" width=\"300\" height=\"225\" data-id=\"224\" src=\"https:\/\/www.wienersukzession.at\/wp-content\/uploads\/2023\/06\/freyung-alter-pflaster-300x225.png\" alt=\"\" class=\"wp-image-224\" srcset=\"https:\/\/www.wienersukzession.at\/wp-content\/uploads\/2023\/06\/freyung-alter-pflaster-300x225.png 300w, https:\/\/www.wienersukzession.at\/wp-content\/uploads\/2023\/06\/freyung-alter-pflaster-1024x768.png 1024w, https:\/\/www.wienersukzession.at\/wp-content\/uploads\/2023\/06\/freyung-alter-pflaster-768x576.png 768w, https:\/\/www.wienersukzession.at\/wp-content\/uploads\/2023\/06\/freyung-alter-pflaster.png 1032w\" sizes=\"(max-width: 300px) 100vw, 300px\" \/><figcaption class=\"wp-element-caption\">Freyung, mittelalterliches Pflaster 1. Bezirk, 4\/2023<\/figcaption><\/figure>\n<\/figure>\n\n\n\n<p><br><\/p>\n","protected":false},"excerpt":{"rendered":"<p>Spontangr\u00fcn L\u00f6cher sind manchmal Ritzen oder Risse. Manchmal sind sie unauff\u00e4llig und still &#8211; keiner bemerkt sie und entfernt das Spontangr\u00fcn. So k\u00f6nnen Pflanzen am besten wachsen. Asphalt als Objekt &#8211; Das Teerarium Kunst entsteht im Betrachten. Wof\u00fcr l\u00e4sst sich Asphalt nutzen, wenn er kein Bodenbelag mehr ist? Souvenire aus verschiedenenen Situationen, wo &#8218;Aufbruch&#8216; passiert [&hellip;]<\/p>\n","protected":false},"author":1,"featured_media":0,"parent":0,"menu_order":0,"comment_status":"closed","ping_status":"closed","template":"","meta":{"footnotes":""},"_links":{"self":[{"href":"https:\/\/www.wienersukzession.at\/index.php\/wp-json\/wp\/v2\/pages\/58"}],"collection":[{"href":"https:\/\/www.wienersukzession.at\/index.php\/wp-json\/wp\/v2\/pages"}],"about":[{"href":"https:\/\/www.wienersukzession.at\/index.php\/wp-json\/wp\/v2\/types\/page"}],"author":[{"embeddable":true,"href":"https:\/\/www.wienersukzession.at\/index.php\/wp-json\/wp\/v2\/users\/1"}],"replies":[{"embeddable":true,"href":"https:\/\/www.wienersukzession.at\/index.php\/wp-json\/wp\/v2\/comments?post=58"}],"version-history":[{"count":18,"href":"https:\/\/www.wienersukzession.at\/index.php\/wp-json\/wp\/v2\/pages\/58\/revisions"}],"predecessor-version":[{"id":227,"href":"https:\/\/www.wienersukzession.at\/index.php\/wp-json\/wp\/v2\/pages\/58\/revisions\/227"}],"wp:attachment":[{"href":"https:\/\/www.wienersukzession.at\/index.php\/wp-json\/wp\/v2\/media?parent=58"}],"curies":[{"name":"wp","href":"https:\/\/api.w.org\/{rel}","templated":true}]}}